{"id":597,"date":"2025-06-23T18:02:50","date_gmt":"2025-06-23T18:02:50","guid":{"rendered":"https:\/\/www.ciclismoenalicante.es\/?page_id=597"},"modified":"2026-02-16T09:59:15","modified_gmt":"2026-02-16T09:59:15","slug":"sr-costa-blanca-alicante-2","status":"publish","type":"page","link":"https:\/\/www.ciclismoenalicante.es\/?page_id=597","title":{"rendered":"SR COSTA BLANCA ALICANTE ES-CB"},"content":{"rendered":"\n<p>La Super Randonn\u00e9e Costa Blanca es un recorrido permanente de&nbsp;<strong>600 Kms<\/strong>&nbsp;y m\u00e1s de&nbsp;<strong>10.000 metros<\/strong>&nbsp;de desnivel positivo.<\/p>\n\n\n\n<p>El participante elige la fecha y la hora de salida, c\u00f3mo se organiza, qu\u00e9 lleva en sus mochilas, c\u00f3mo gestiona su tiempo, si duerme en el hotel o en un saco de dormir o no.<\/p>\n\n\n\n<p>En cuanto a su propia organizaci\u00f3n, no tiene otra obligaci\u00f3n que la de cumplir con el tiempo global seg\u00fan la opci\u00f3n elegida,&nbsp;<strong>Randonneur<\/strong>&nbsp;con&nbsp;<strong>60 horas<\/strong>&nbsp;de tiempo m\u00e1ximo para realizarla o en modo&nbsp;<strong>Turista<\/strong>&nbsp;y realizar el recorrido sin el apoyo de un veh\u00edculo.<\/p>\n\n\n\n<p><a href=\"https:\/\/chmedios.wufoo.com\/forms\/mvdsek51kewiyg\/\">Inscripciones<\/a><\/p>\n\n\n\n<p><strong>Track<\/strong><\/p>\n\n\n\n<iframe width=\"100%\" height=\"650\" loading=\"lazy\" src=\"https:\/\/www.openrunner.com\/embed.html?code=3137454551674c362b534c336e6f4a7a47376239564a2b6849556643556f4d3456686345725a765a4e4e733d3a3a38cd961d3e76075eba97cfa16e031480&#038;lang=es&#038;unit=metric\" style=\"border: none;\"><\/iframe>\n\n\n\n<p><strong>Libro de Ruta<\/strong><\/p>\n\n\n\n<div data-wp-interactive=\"core\/file\" class=\"wp-block-file\"><object data-wp-bind--hidden=\"!state.hasPdfPreview\" hidden class=\"wp-block-file__embed\" data=\"https:\/\/www.ciclismoenalicante.es\/wp-content\/uploads\/2026\/02\/SR-Costa-Blanca-Libro-de-Ruta-7.pdf\" type=\"application\/pdf\" style=\"width:100%;height:600px\" aria-label=\"Incrustado de SR Costa Blanca Libro de Ruta.\"><\/object><a id=\"wp-block-file--media-34b337d3-b95b-4ab9-8e47-9ca1add12899\" href=\"https:\/\/www.ciclismoenalicante.es\/wp-content\/uploads\/2026\/02\/SR-Costa-Blanca-Libro-de-Ruta-7.pdf\">SR Costa Blanca Libro de Ruta<\/a><a href=\"https:\/\/www.ciclismoenalicante.es\/wp-content\/uploads\/2026\/02\/SR-Costa-Blanca-Libro-de-Ruta-7.pdf\" class=\"wp-block-file__button wp-element-button\" download aria-describedby=\"wp-block-file--media-34b337d3-b95b-4ab9-8e47-9ca1add12899\">Descarga<\/a><\/div>\n","protected":false},"excerpt":{"rendered":"<p>La Super Randonn\u00e9e Costa Blanca es un recorrido permanente de&nbsp;600 Kms&nbsp;y m\u00e1s de&nbsp;10.000 metros&nbsp;de desnivel positivo. El participante elige la fecha y la hora de salida, c\u00f3mo se organiza, qu\u00e9 lleva en sus mochilas, c\u00f3mo gestiona su tiempo, si duerme &hellip; <a href=\"https:\/\/www.ciclismoenalicante.es\/?page_id=597\">Sigue leyendo <span class=\"meta-nav\">&rarr;<\/span><\/a><\/p>\n","protected":false},"author":1,"featured_media":0,"parent":0,"menu_order":0,"comment_status":"closed","ping_status":"closed","template":"","meta":{"footnotes":""},"class_list":["post-597","page","type-page","status-publish","hentry"],"_links":{"self":[{"href":"https:\/\/www.ciclismoenalicante.es\/index.php?rest_route=\/wp\/v2\/pages\/597","targetHints":{"allow":["GET"]}}],"collection":[{"href":"https:\/\/www.ciclismoenalicante.es\/index.php?rest_route=\/wp\/v2\/pages"}],"about":[{"href":"https:\/\/www.ciclismoenalicante.es\/index.php?rest_route=\/wp\/v2\/types\/page"}],"author":[{"embeddable":true,"href":"https:\/\/www.ciclismoenalicante.es\/index.php?rest_route=\/wp\/v2\/users\/1"}],"replies":[{"embeddable":true,"href":"https:\/\/www.ciclismoenalicante.es\/index.php?rest_route=%2Fwp%2Fv2%2Fcomments&post=597"}],"version-history":[{"count":14,"href":"https:\/\/www.ciclismoenalicante.es\/index.php?rest_route=\/wp\/v2\/pages\/597\/revisions"}],"predecessor-version":[{"id":42646,"href":"https:\/\/www.ciclismoenalicante.es\/index.php?rest_route=\/wp\/v2\/pages\/597\/revisions\/42646"}],"wp:attachment":[{"href":"https:\/\/www.ciclismoenalicante.es\/index.php?rest_route=%2Fwp%2Fv2%2Fmedia&parent=597"}],"curies":[{"name":"wp","href":"https:\/\/api.w.org\/{rel}","templated":true}]}}