{"id":344,"date":"2025-01-22T09:50:08","date_gmt":"2025-01-22T09:50:08","guid":{"rendered":"https:\/\/www.ciclismoenalicante.es\/?page_id=344"},"modified":"2025-11-22T22:22:04","modified_gmt":"2025-11-22T22:22:04","slug":"super-randonnnes","status":"publish","type":"page","link":"https:\/\/www.ciclismoenalicante.es\/?page_id=344","title":{"rendered":"\u00bfQu\u00e9 es una Super Randonn\u00e9e?"},"content":{"rendered":"\n<p><a href=\"https:\/\/www.ciclismoenalicante.es\/index.php\/sr-montanas-de-alicante\/\" target=\"_blank\" rel=\"noreferrer noopener\">SR Monta\u00f1as de Alicante | Ciclismo en Alicante<\/a><\/p>\n\n\n\n<p><a href=\"https:\/\/www.ciclismoenalicante.es\/index.php\/sr-costa-blanca-alicante\/\" target=\"_blank\" rel=\"noreferrer noopener\">SR Costa Blanca Alicante | Ciclismo en Alicante<\/a><\/p>\n\n\n\n<p class=\"has-small-font-size\">Una <strong>Super Randonn\u00e9e (SR)<\/strong> es una ruta permanente de alta monta\u00f1a de <strong>600 km<\/strong> con un m\u00ednimo de <strong>10.000 m de desnivel positivo<\/strong>, dise\u00f1ada para ciclistas con experiencia en larga distancia y escalada. Las SR pueden realizarse en dos modalidades:<\/p>\n\n\n\n<ul class=\"wp-block-list\">\n<li class=\"has-small-font-size\"><strong>Randonneur<\/strong>: recorrido limitado a <strong>60 horas<\/strong>, siguiendo el formato de homologaci\u00f3n cl\u00e1sica.<\/li>\n\n\n\n<li class=\"has-small-font-size\"><strong>Turista<\/strong>: sin l\u00edmite horario estricto, pero con la obligaci\u00f3n de completar la ruta a un <strong>promedio m\u00ednimo de 75 km\/d\u00eda<\/strong>.<\/li>\n<\/ul>\n\n\n\n<p class=\"has-small-font-size\">Las Super Randonn\u00e9es requieren un elevado nivel de preparaci\u00f3n f\u00edsica, dominio de la autosuficiencia, gesti\u00f3n de condiciones meteorol\u00f3gicas cambiantes y capacidad para afrontar descensos y puertos prolongados. Los controles se validan mediante fotograf\u00edas en puntos obligatorios definidos por el organizador.<\/p>\n\n\n\n<p class=\"has-small-font-size\">Estas rutas, creadas por el <strong>Audax Club Parisien en 2009<\/strong> y gestionadas desde 2022 por <strong>Provence Randonneurs<\/strong>, transitan por puertos ic\u00f3nicos y carreteras de monta\u00f1a de gran exigencia t\u00e9cnica. Su objetivo es ofrecer un desaf\u00edo continuo en terreno monta\u00f1oso y una experiencia avanzada de cicloturismo de larga distancia.<\/p>\n","protected":false},"excerpt":{"rendered":"<p>SR Monta\u00f1as de Alicante | Ciclismo en Alicante SR Costa Blanca Alicante | Ciclismo en Alicante Una Super Randonn\u00e9e (SR) es una ruta permanente de alta monta\u00f1a de 600 km con un m\u00ednimo de 10.000 m de desnivel positivo, dise\u00f1ada &hellip; <a href=\"https:\/\/www.ciclismoenalicante.es\/?page_id=344\">Sigue leyendo <span class=\"meta-nav\">&rarr;<\/span><\/a><\/p>\n","protected":false},"author":1,"featured_media":75,"parent":0,"menu_order":0,"comment_status":"closed","ping_status":"closed","template":"","meta":{"footnotes":""},"class_list":["post-344","page","type-page","status-publish","has-post-thumbnail","hentry"],"_links":{"self":[{"href":"https:\/\/www.ciclismoenalicante.es\/index.php?rest_route=\/wp\/v2\/pages\/344","targetHints":{"allow":["GET"]}}],"collection":[{"href":"https:\/\/www.ciclismoenalicante.es\/index.php?rest_route=\/wp\/v2\/pages"}],"about":[{"href":"https:\/\/www.ciclismoenalicante.es\/index.php?rest_route=\/wp\/v2\/types\/page"}],"author":[{"embeddable":true,"href":"https:\/\/www.ciclismoenalicante.es\/index.php?rest_route=\/wp\/v2\/users\/1"}],"replies":[{"embeddable":true,"href":"https:\/\/www.ciclismoenalicante.es\/index.php?rest_route=%2Fwp%2Fv2%2Fcomments&post=344"}],"version-history":[{"count":9,"href":"https:\/\/www.ciclismoenalicante.es\/index.php?rest_route=\/wp\/v2\/pages\/344\/revisions"}],"predecessor-version":[{"id":13453,"href":"https:\/\/www.ciclismoenalicante.es\/index.php?rest_route=\/wp\/v2\/pages\/344\/revisions\/13453"}],"wp:featuredmedia":[{"embeddable":true,"href":"https:\/\/www.ciclismoenalicante.es\/index.php?rest_route=\/wp\/v2\/media\/75"}],"wp:attachment":[{"href":"https:\/\/www.ciclismoenalicante.es\/index.php?rest_route=%2Fwp%2Fv2%2Fmedia&parent=344"}],"curies":[{"name":"wp","href":"https:\/\/api.w.org\/{rel}","templated":true}]}}