{"id":174,"date":"2025-01-19T09:41:17","date_gmt":"2025-01-19T09:41:17","guid":{"rendered":"http:\/\/www.ciclismoenalicante.es\/?page_id=174"},"modified":"2025-11-26T19:53:26","modified_gmt":"2025-11-26T19:53:26","slug":"brevets","status":"publish","type":"page","link":"https:\/\/www.ciclismoenalicante.es\/?page_id=174","title":{"rendered":"\u00bfQu\u00e9 es una Brevet?"},"content":{"rendered":"\n<h2 class=\"wp-block-heading\">Las Brevets de Randonneurs Mondiaux (BRM) son desaf\u00edos ciclistas \u00fanicos: rutas de larga distancia, sin esp\u00edritu competitivo, donde cada participante pedalea con libertad, autonom\u00eda y el deseo de superarse.<\/h2>\n\n\n\n<p class=\"has-white-color has-black-background-color has-text-color has-background has-link-color wp-elements-2df1bd106b292ee323a8914c48145dcb\">Organizadas bajo las reglas del <strong>Audax Club Parisien<\/strong>, las brevets son reconocidas en todo el mundo y ofrecen cinco distancias ic\u00f3nicas: <strong>200, 300, 400, 600 y 1000 km<\/strong>. Cada una es una aventura en s\u00ed misma, un viaje que combina resistencia, belleza del paisaje y la satisfacci\u00f3n de llegar por tus propios medios.<\/p>\n\n\n\n<h3 class=\"wp-block-heading has-white-color has-black-background-color has-text-color has-background has-link-color has-small-font-size wp-elements-59f3370284add5d1c18a3479f42967ad\"><strong>Un reto personal. Una experiencia inolvidable.<\/strong><\/h3>\n\n\n\n<p class=\"has-white-color has-black-background-color has-text-color has-background has-link-color wp-elements-694933728b22dd1dc1ceee24f291d7ed\">En una brevet no compites contra nadie: <strong>solo contigo mismo<\/strong>.<br>No hay clasificaciones, ni premios, ni coche de apoyo. T\u00fa marcas tu ritmo, gestionas tus descansos y decides c\u00f3mo afrontar el recorrido.<\/p>\n\n\n\n<h3 class=\"wp-block-heading has-white-color has-black-background-color has-text-color has-background has-link-color has-small-font-size wp-elements-90bf37600cbedf74e6e6747b6309f27b\"><strong>Seguridad y esp\u00edritu randonneur<\/strong><\/h3>\n\n\n\n<p class=\"has-white-color has-black-background-color has-text-color has-background has-link-color wp-elements-7ee2d19a4899b6cec297919b80c5a00c\">El casco, la iluminaci\u00f3n y el chaleco reflectante garantizan una experiencia segura.<br>La esencia randonneur es clara: <strong>respeto, compa\u00f1erismo, autosuficiencia y pasi\u00f3n por la larga distancia<\/strong>.<\/p>\n\n\n\n<h3 class=\"wp-block-heading has-white-color has-black-background-color has-text-color has-background has-link-color has-small-font-size wp-elements-a820ceb361244c61c0c6ecee8f4ad861\"><strong>El sello de la aventura<\/strong><\/h3>\n\n\n\n<p class=\"has-white-color has-black-background-color has-text-color has-background has-link-color wp-elements-d7a7eeb0062972eae35badff280cc6b7\">En cada brevet recibir\u00e1s un <strong>carn\u00e9 de ruta<\/strong> que deber\u00e1s sellar en los controles para obtener la <strong>homologaci\u00f3n oficial<\/strong>. Ese n\u00famero es tu huella en la historia del randonneur.<\/p>\n\n\n\n<h3 class=\"wp-block-heading has-white-color has-black-background-color has-text-color has-background has-link-color has-small-font-size wp-elements-ed4c6fa7e3b4d1b04783f9aa9658a03f\"><strong>\u00bfHasta d\u00f3nde quieres llegar?<\/strong><\/h3>\n\n\n\n<p class=\"has-white-color has-black-background-color has-text-color has-background has-link-color wp-elements-1d38482f34f2532497d72ef0f2304504\">Si completas en un mismo a\u00f1o las distancias de 200, 300, 400 y 600 km, podr\u00e1s obtener la prestigiosa distinci\u00f3n <strong>Super Randonneur<\/strong>.<br><\/p>\n\n\n\n<div data-wp-interactive=\"core\/file\" class=\"wp-block-file\"><object data-wp-bind--hidden=\"!state.hasPdfPreview\" hidden class=\"wp-block-file__embed\" data=\"https:\/\/www.ciclismoenalicante.es\/wp-content\/uploads\/2025\/01\/Reglamento-Audax.pdf\" type=\"application\/pdf\" style=\"width:100%;height:600px\" aria-label=\"Incrustado de Reglamento Audax.\"><\/object><a id=\"wp-block-file--media-f18fda56-682e-45d1-815b-4cef15eb3404\" href=\"https:\/\/www.ciclismoenalicante.es\/wp-content\/uploads\/2025\/01\/Reglamento-Audax.pdf\">Reglamento Audax<\/a><a href=\"https:\/\/www.ciclismoenalicante.es\/wp-content\/uploads\/2025\/01\/Reglamento-Audax.pdf\" class=\"wp-block-file__button wp-element-button\" download aria-describedby=\"wp-block-file--media-f18fda56-682e-45d1-815b-4cef15eb3404\">Descarga<\/a><\/div>\n","protected":false},"excerpt":{"rendered":"<p>Las Brevets de Randonneurs Mondiaux (BRM) son desaf\u00edos ciclistas \u00fanicos: rutas de larga distancia, sin esp\u00edritu competitivo, donde cada participante pedalea con libertad, autonom\u00eda y el deseo de superarse. Organizadas bajo las reglas del Audax Club Parisien, las brevets son &hellip; <a href=\"https:\/\/www.ciclismoenalicante.es\/?page_id=174\">Sigue leyendo <span class=\"meta-nav\">&rarr;<\/span><\/a><\/p>\n","protected":false},"author":1,"featured_media":23325,"parent":0,"menu_order":0,"comment_status":"closed","ping_status":"closed","template":"","meta":{"footnotes":""},"class_list":["post-174","page","type-page","status-publish","has-post-thumbnail","hentry"],"_links":{"self":[{"href":"https:\/\/www.ciclismoenalicante.es\/index.php?rest_route=\/wp\/v2\/pages\/174","targetHints":{"allow":["GET"]}}],"collection":[{"href":"https:\/\/www.ciclismoenalicante.es\/index.php?rest_route=\/wp\/v2\/pages"}],"about":[{"href":"https:\/\/www.ciclismoenalicante.es\/index.php?rest_route=\/wp\/v2\/types\/page"}],"author":[{"embeddable":true,"href":"https:\/\/www.ciclismoenalicante.es\/index.php?rest_route=\/wp\/v2\/users\/1"}],"replies":[{"embeddable":true,"href":"https:\/\/www.ciclismoenalicante.es\/index.php?rest_route=%2Fwp%2Fv2%2Fcomments&post=174"}],"version-history":[{"count":14,"href":"https:\/\/www.ciclismoenalicante.es\/index.php?rest_route=\/wp\/v2\/pages\/174\/revisions"}],"predecessor-version":[{"id":13464,"href":"https:\/\/www.ciclismoenalicante.es\/index.php?rest_route=\/wp\/v2\/pages\/174\/revisions\/13464"}],"wp:featuredmedia":[{"embeddable":true,"href":"https:\/\/www.ciclismoenalicante.es\/index.php?rest_route=\/wp\/v2\/media\/23325"}],"wp:attachment":[{"href":"https:\/\/www.ciclismoenalicante.es\/index.php?rest_route=%2Fwp%2Fv2%2Fmedia&parent=174"}],"curies":[{"name":"wp","href":"https:\/\/api.w.org\/{rel}","templated":true}]}}